{"id":3582,"date":"2023-10-13T09:43:37","date_gmt":"2023-10-13T07:43:37","guid":{"rendered":"https:\/\/wp2.ihk-nuernberg.de\/ihk-gastrowelt\/?page_id=3582"},"modified":"2026-04-16T17:31:31","modified_gmt":"2026-04-16T15:31:31","slug":"home","status":"publish","type":"page","link":"https:\/\/wp2.ihk-nuernberg.de\/ihk-gastrowelt\/","title":{"rendered":"Start"},"content":{"rendered":"<p><div class=\"fusion-fullwidth fullwidth-box fusion-builder-row-1 fusion-flex-container has-pattern-background has-mask-background fusion-parallax-none nonhundred-percent-fullwidth non-hundred-percent-height-scrolling\" style=\"--awb-border-radius-top-left:0px;--awb-border-radius-top-right:0px;--awb-border-radius-bottom-right:0px;--awb-border-radius-bottom-left:0px;--awb-background-image:url(&quot;http:\/\/wp2.ihk-nuernberg.de\/ihk-gastrowelt\/wp-content\/uploads\/sites\/20\/2023\/05\/gettyimages-clarkandcompany-1316225843.jpg&quot;);--awb-background-size:cover;--awb-flex-wrap:wrap;\" ><div class=\"fusion-builder-row fusion-row fusion-flex-align-items-stretch fusion-flex-justify-content-center fusion-flex-content-wrap\" style=\"max-width:1248px;margin-left: calc(-4% \/ 2 );margin-right: calc(-4% \/ 2 );\"><div class=\"fusion-layout-column fusion_builder_column fusion-builder-column-0 fusion_builder_column_1_1 1_1 fusion-flex-column fusion-flex-align-self-center\" style=\"--awb-padding-top:10px;--awb-padding-right:10px;--awb-padding-bottom:10px;--awb-padding-left:10px;--awb-overflow:hidden;--awb-bg-color:rgba(255,255,255,0.5);--awb-bg-color-hover:rgba(255,255,255,0.5);--awb-bg-size:cover;--awb-border-radius:9px 9px 9px 9px;--awb-width-large:100%;--awb-margin-top-large:5%;--awb-spacing-right-large:1.92%;--awb-margin-bottom-large:5%;--awb-spacing-left-large:1.92%;--awb-width-medium:100%;--awb-order-medium:0;--awb-spacing-right-medium:1.92%;--awb-spacing-left-medium:1.92%;--awb-width-small:100%;--awb-order-small:0;--awb-spacing-right-small:1.92%;--awb-spacing-left-small:1.92%;\"><div class=\"fusion-column-wrapper fusion-column-has-shadow fusion-flex-justify-content-flex-start fusion-content-layout-column\"><div class=\"fusion-title title fusion-title-1 fusion-sep-none fusion-title-center fusion-title-text fusion-title-size-one\" style=\"--awb-margin-top-small:10px;--awb-margin-right-small:0px;--awb-margin-bottom-small:10px;--awb-margin-left-small:0px;\"><h1 class=\"fusion-title-heading title-heading-center\" style=\"margin:0;\">IHK-Gastrowelt<\/h1><\/div><div class=\"fusion-title title fusion-title-2 fusion-sep-none fusion-title-center fusion-title-text fusion-title-size-three\" style=\"--awb-margin-top-small:10px;--awb-margin-right-small:0px;--awb-margin-bottom-small:10px;--awb-margin-left-small:0px;\"><h3 class=\"fusion-title-heading title-heading-center\" style=\"margin:0;\">Weiterbildungen f\u00fcr angehende K\u00fcchenmeister\/innen oder Azubis im Bereich der Gastronomie<\/h3><\/div><\/div><\/div><\/div><\/div><div class=\"fusion-fullwidth fullwidth-box fusion-builder-row-2 fusion-flex-container has-pattern-background has-mask-background nonhundred-percent-fullwidth non-hundred-percent-height-scrolling\" style=\"--awb-border-radius-top-left:0px;--awb-border-radius-top-right:0px;--awb-border-radius-bottom-right:0px;--awb-border-radius-bottom-left:0px;--awb-margin-top:25px;--awb-flex-wrap:wrap;\" ><div class=\"fusion-builder-row fusion-row fusion-flex-align-items-flex-start fusion-flex-content-wrap\" style=\"max-width:1248px;margin-left: calc(-4% \/ 2 );margin-right: calc(-4% \/ 2 );\"><div class=\"fusion-layout-column fusion_builder_column fusion-builder-column-1 fusion_builder_column_1_1 1_1 fusion-flex-column\" style=\"--awb-bg-size:cover;--awb-width-large:100%;--awb-margin-top-large:0px;--awb-spacing-right-large:1.92%;--awb-margin-bottom-large:20px;--awb-spacing-left-large:1.92%;--awb-width-medium:100%;--awb-order-medium:0;--awb-spacing-right-medium:1.92%;--awb-spacing-left-medium:1.92%;--awb-width-small:100%;--awb-order-small:0;--awb-spacing-right-small:1.92%;--awb-spacing-left-small:1.92%;\"><div class=\"fusion-column-wrapper fusion-column-has-shadow fusion-flex-justify-content-flex-start fusion-content-layout-column\"><div class=\"fusion-text fusion-text-1\"><p>Unsere Arbeitswelt wandelt sich stetig. Es wird immer wichtiger, sich beruflich weiterzuentwickeln. Das gilt f\u00fcr Berufsanf\u00e4nger und Quereinsteiger genauso wie f\u00fcr F\u00fchrungskr\u00e4fte. Die IHK-Gastrowelt ist eine Initiative der Industrie- und Handelskammer N\u00fcrnberg f\u00fcr Mittelfranken. Unsere Angebote richten sich an Gastronomen und Menschen, die in der Gastronomie besch\u00e4ftigt sind, oder das beabsichtigen.<\/p>\n<\/div><div class=\"fusion-text fusion-text-2\"><p><strong>Weiterbildung zahlt sich aus!<\/strong><\/p>\n<p>Arbeitnehmer erh\u00f6hen ihre Berufschancen, Unternehmen k\u00f6nnen auf qualifizierte Fachkr\u00e4fte z\u00e4hlen. Das kommt auch unserer sch\u00f6nen Region zugute. Deshalb unterst\u00fctzt die IHK-Gastrowelt Sie aktiv in Ihren Weiterbildungsabsichten. Finden Sie direkt hier in der Gastrowelt die Weiterbildung oder das vertiefende Seminar, was zu Ihnen passt!<\/p>\n<\/div><\/div><\/div><\/div><\/div><\/p>\n","protected":false},"excerpt":{"rendered":"<p>35<\/p>\n","protected":false},"author":47,"featured_media":0,"parent":0,"menu_order":0,"comment_status":"closed","ping_status":"closed","template":"100-width.php","meta":{"footnotes":""},"class_list":["post-3582","page","type-page","status-publish","hentry"],"_links":{"self":[{"href":"https:\/\/wp2.ihk-nuernberg.de\/ihk-gastrowelt\/wp-json\/wp\/v2\/pages\/3582","targetHints":{"allow":["GET"]}}],"collection":[{"href":"https:\/\/wp2.ihk-nuernberg.de\/ihk-gastrowelt\/wp-json\/wp\/v2\/pages"}],"about":[{"href":"https:\/\/wp2.ihk-nuernberg.de\/ihk-gastrowelt\/wp-json\/wp\/v2\/types\/page"}],"author":[{"embeddable":true,"href":"https:\/\/wp2.ihk-nuernberg.de\/ihk-gastrowelt\/wp-json\/wp\/v2\/users\/47"}],"replies":[{"embeddable":true,"href":"https:\/\/wp2.ihk-nuernberg.de\/ihk-gastrowelt\/wp-json\/wp\/v2\/comments?post=3582"}],"version-history":[{"count":30,"href":"https:\/\/wp2.ihk-nuernberg.de\/ihk-gastrowelt\/wp-json\/wp\/v2\/pages\/3582\/revisions"}],"predecessor-version":[{"id":4007,"href":"https:\/\/wp2.ihk-nuernberg.de\/ihk-gastrowelt\/wp-json\/wp\/v2\/pages\/3582\/revisions\/4007"}],"wp:attachment":[{"href":"https:\/\/wp2.ihk-nuernberg.de\/ihk-gastrowelt\/wp-json\/wp\/v2\/media?parent=3582"}],"curies":[{"name":"wp","href":"https:\/\/api.w.org\/{rel}","templated":true}]}}