{"id":12644,"date":"2018-03-05T11:14:45","date_gmt":"2018-03-05T10:14:45","guid":{"rendered":"http:\/\/blogs.ihk-nuernberg.de\/antworten\/?page_id=12644"},"modified":"2018-03-05T11:14:45","modified_gmt":"2018-03-05T10:14:45","slug":"impressum","status":"publish","type":"page","link":"https:\/\/wp2.ihk-nuernberg.de\/antworten\/impressum\/","title":{"rendered":"Impressum"},"content":{"rendered":"<div class=\"fusion-fullwidth fullwidth-box fusion-builder-row-1 fusion-flex-container nonhundred-percent-fullwidth non-hundred-percent-height-scrolling\" style=\"--awb-border-radius-top-left:0px;--awb-border-radius-top-right:0px;--awb-border-radius-bottom-right:0px;--awb-border-radius-bottom-left:0px;--awb-flex-wrap:wrap;\" ><div class=\"fusion-builder-row fusion-row fusion-flex-align-items-flex-start fusion-flex-content-wrap\" style=\"max-width:1144px;margin-left: calc(-4% \/ 2 );margin-right: calc(-4% \/ 2 );\"><div class=\"fusion-layout-column fusion_builder_column fusion-builder-column-0 fusion_builder_column_1_1 1_1 fusion-flex-column\" style=\"--awb-bg-size:cover;--awb-width-large:100%;--awb-margin-top-large:0px;--awb-spacing-right-large:1.92%;--awb-margin-bottom-large:0px;--awb-spacing-left-large:1.92%;--awb-width-medium:100%;--awb-spacing-right-medium:1.92%;--awb-spacing-left-medium:1.92%;--awb-width-small:100%;--awb-spacing-right-small:1.92%;--awb-spacing-left-small:1.92%;\"><div class=\"fusion-column-wrapper fusion-flex-justify-content-flex-start fusion-content-layout-column\"><div class=\"fusion-title title fusion-title-1 fusion-sep-none fusion-title-text fusion-title-size-one\" style=\"--awb-margin-top-small:0px;--awb-margin-right-small:0px;--awb-margin-bottom-small:20px;--awb-margin-left-small:0px;\"><h1 class=\"fusion-title-heading title-heading-left fusion-responsive-typography-calculated\" style=\"margin:0;text-transform:none;--fontSize:64;line-height:1.5;\">Impressum<\/h1><\/div><div class=\"fusion-text fusion-text-1\"><p><strong>Industrie- und Handelskammer N\u00fcrnberg f\u00fcr Mittelfranken<\/strong><br \/>\nHauptmarkt 25\/27<br \/>\n90403 N\u00fcrnberg<\/p>\n<p>Tel.: 0911 1335-1335<br \/>\nFax: 0911 1335-14335<br \/>\nPostanschrift: 90331 N\u00fcrnberg<br \/>\nE-Mail: <a href=\"mailto:kundenservice@nuernberg.ihk.de\">kundenservice@nuernberg.ihk.de<br \/>\n<\/a>De-Mail: <a href=\"mailto:kundenservice@ihk-nuernberg.de-mail.de\">kundenservice@ihk-nuernberg.de-mail.de<\/a><\/p>\n<p>Die Industrie- und Handelskammer N\u00fcrnberg f\u00fcr Mittelfranken ist eine K\u00f6rperschaft des \u00d6ffentlichen Rechts. Sie wird gem\u00e4\u00df \u00a77 Absatz 2 Industrie- und Handelskammergesetzes (IHKG) gemeinsam durch den Pr\u00e4sident\u00a0<strong>Dr. Armin Zitzmann<\/strong> und den Hauptgesch\u00e4ftsf\u00fchrer <a href=\"https:\/\/www.ihk-nuernberg.de\/de\/Kontakt\/Ansprechpartner_Details.jsp?id=301\">Markus L\u00f6tzsch<\/a> vertreten.<\/p>\n<\/div><div class=\"fusion-title title fusion-title-2 fusion-sep-none fusion-title-text fusion-title-size-two\" style=\"--awb-margin-top-small:0px;--awb-margin-right-small:0px;--awb-margin-bottom-small:20px;--awb-margin-left-small:0px;\"><h2 class=\"fusion-title-heading title-heading-left fusion-responsive-typography-calculated\" style=\"margin:0;text-transform:none;--fontSize:36;line-height:1.4;\">Verantwortlich f\u00fcr den Inhalt<\/h2><\/div><div class=\"fusion-text fusion-text-2\"><p>Frauke Wille<br \/>\nE-Mail: <a href=\"mailto:frauke.wille@nuernberg.ihk.de\">frauke.wille@nuernberg.ihk.de<\/a><\/p>\n<\/div><div class=\"fusion-title title fusion-title-3 fusion-sep-none fusion-title-text fusion-title-size-three\" style=\"--awb-margin-top-small:0px;--awb-margin-right-small:0px;--awb-margin-bottom-small:20px;--awb-margin-left-small:0px;\"><h3 class=\"fusion-title-heading title-heading-left fusion-responsive-typography-calculated\" style=\"margin:0;text-transform:none;--fontSize:22;line-height:1.41;\">Zust\u00e4ndige Aufsichtsbeh\u00f6rde<\/h3><\/div><div class=\"fusion-text fusion-text-3\"><p>Bayerisches Staatsministerium f\u00fcr Wirtschaft, Landesentwicklung und Energie<br \/>\nPrinzregentenstr. 28<br \/>\n80538 M\u00fcnchen<\/p>\n<p>Tel.:\u00a0089 2162-0<br \/>\nFax:\u00a0089 2162-2760<br \/>\nPostanschrift:\u00a080525 M\u00fcnchen<\/p>\n<\/div><div class=\"fusion-title title fusion-title-4 fusion-sep-none fusion-title-text fusion-title-size-three\" style=\"--awb-margin-top-small:0px;--awb-margin-right-small:0px;--awb-margin-bottom-small:20px;--awb-margin-left-small:0px;\"><h3 class=\"fusion-title-heading title-heading-left fusion-responsive-typography-calculated\" style=\"margin:0;text-transform:none;--fontSize:22;line-height:1.41;\">Umsatzsteueridentifikationsnummer<\/h3><\/div><div class=\"fusion-text fusion-text-4\"><p>DE213576582<\/p>\n<\/div><div class=\"fusion-title title fusion-title-5 fusion-sep-none fusion-title-text fusion-title-size-three\" style=\"--awb-margin-top-small:0px;--awb-margin-right-small:0px;--awb-margin-bottom-small:20px;--awb-margin-left-small:0px;\"><h3 class=\"fusion-title-heading title-heading-left fusion-responsive-typography-calculated\" style=\"margin:0;text-transform:none;--fontSize:22;line-height:1.41;\">Copyright<\/h3><\/div><div class=\"fusion-text fusion-text-5\"><p>Alle Rechte f\u00fcr den Inhalt und die Gestaltung dieser Internet-Seiten stehen allein der Industrie- und Handelskammer N\u00fcrnberg f\u00fcr Mittelfranken zu. Das vollst\u00e4ndige oder teilweise Reproduzieren, Verbreiten, \u00dcbermitteln (elektronisch oder auf andere Weise), Modifizieren oder Benutzen unserer Internet-Seiten f\u00fcr \u00f6ffentliche oder kommerzielle Zwecke ist ohne unsere vorherige schriftliche Zustimmung untersagt. Nat\u00fcrlich freuen wir uns \u00fcber Link-Verweise auf unsere Seiten, bitten aber insoweit um eine Information.<\/p>\n<\/div><div class=\"fusion-text fusion-text-6\"><p><a href=\"https:\/\/www.ihk-nuernberg.de\/de\/Kontakt\/Impressum.html\" target=\"_blank\" rel=\"noopener noreferrer\">Weiter zum Impressum der IHK N\u00fcrnberg<\/a><\/p>\n<p><a href=\"https:\/\/www.ihk-nuernberg.de\/de\/Kontakt\/datenschutz\" target=\"_blank\" rel=\"noopener noreferrer\">Datenschutz<\/a><\/p>\n<\/div><\/div><\/div><\/div><\/div>\n","protected":false},"excerpt":{"rendered":"","protected":false},"author":4,"featured_media":0,"parent":0,"menu_order":0,"comment_status":"closed","ping_status":"closed","template":"","meta":{"footnotes":""},"class_list":["post-12644","page","type-page","status-publish","hentry"],"_links":{"self":[{"href":"https:\/\/wp2.ihk-nuernberg.de\/antworten\/wp-json\/wp\/v2\/pages\/12644","targetHints":{"allow":["GET"]}}],"collection":[{"href":"https:\/\/wp2.ihk-nuernberg.de\/antworten\/wp-json\/wp\/v2\/pages"}],"about":[{"href":"https:\/\/wp2.ihk-nuernberg.de\/antworten\/wp-json\/wp\/v2\/types\/page"}],"author":[{"embeddable":true,"href":"https:\/\/wp2.ihk-nuernberg.de\/antworten\/wp-json\/wp\/v2\/users\/4"}],"replies":[{"embeddable":true,"href":"https:\/\/wp2.ihk-nuernberg.de\/antworten\/wp-json\/wp\/v2\/comments?post=12644"}],"version-history":[{"count":0,"href":"https:\/\/wp2.ihk-nuernberg.de\/antworten\/wp-json\/wp\/v2\/pages\/12644\/revisions"}],"wp:attachment":[{"href":"https:\/\/wp2.ihk-nuernberg.de\/antworten\/wp-json\/wp\/v2\/media?parent=12644"}],"curies":[{"name":"wp","href":"https:\/\/api.w.org\/{rel}","templated":true}]}}