{"id":12330,"date":"2018-03-05T11:08:15","date_gmt":"2018-03-05T10:08:15","guid":{"rendered":"http:\/\/blogs.ihk-nuernberg.de\/antworten\/?page_id=12330"},"modified":"2024-10-11T11:17:25","modified_gmt":"2024-10-11T09:17:25","slug":"exponierter-handel","status":"publish","type":"page","link":"https:\/\/wp2.ihk-nuernberg.de\/antworten\/geschichte-woher-wir-kommen-und-wohin-wir-gehen\/exponierter-handel\/","title":{"rendered":"Exponierter Handel"},"content":{"rendered":"<p><div class=\"fusion-fullwidth fullwidth-box fusion-builder-row-1 fusion-flex-container nonhundred-percent-fullwidth non-hundred-percent-height-scrolling\" style=\"--awb-border-radius-top-left:0px;--awb-border-radius-top-right:0px;--awb-border-radius-bottom-right:0px;--awb-border-radius-bottom-left:0px;--awb-flex-wrap:wrap;\" ><div class=\"fusion-builder-row fusion-row fusion-flex-align-items-flex-start fusion-flex-content-wrap\" style=\"max-width:1144px;margin-left: calc(-4% \/ 2 );margin-right: calc(-4% \/ 2 );\"><div class=\"fusion-layout-column fusion_builder_column fusion-builder-column-0 fusion_builder_column_1_1 1_1 fusion-flex-column\" style=\"--awb-bg-size:cover;--awb-width-large:100%;--awb-margin-top-large:0px;--awb-spacing-right-large:1.92%;--awb-margin-bottom-large:0px;--awb-spacing-left-large:1.92%;--awb-width-medium:100%;--awb-spacing-right-medium:1.92%;--awb-spacing-left-medium:1.92%;--awb-width-small:100%;--awb-spacing-right-small:1.92%;--awb-spacing-left-small:1.92%;\"><div class=\"fusion-column-wrapper fusion-flex-justify-content-flex-start fusion-content-layout-column\"><div class=\"fusion-image-element \" style=\"--awb-caption-title-font-family:var(--h2_typography-font-family);--awb-caption-title-font-weight:var(--h2_typography-font-weight);--awb-caption-title-font-style:var(--h2_typography-font-style);--awb-caption-title-size:var(--h2_typography-font-size);--awb-caption-title-transform:var(--h2_typography-text-transform);--awb-caption-title-line-height:var(--h2_typography-line-height);--awb-caption-title-letter-spacing:var(--h2_typography-letter-spacing);\"><span class=\" fusion-imageframe imageframe-none imageframe-1 hover-type-none fusion-animated\" data-animationType=\"fadeInUp\" data-animationDuration=\"1.0\" data-animationOffset=\"top-into-view\"><a href=\"https:\/\/wp2.ihk-nuernberg.de\/antworten\/wp-content\/uploads\/sites\/19\/2018\/03\/07.10-GNM_Monika-Runge-HM-1033_Modell-Waagenmacherwerkstatt.jpg\" class=\"fusion-lightbox\" data-rel=\"iLightbox[1]\" data-title=\"Zu sehen im Nationalmuseum: Das Modell einer Waagenmacherwerkstatt\" title=\"Zu sehen im Nationalmuseum: Das Modell einer Waagenmacherwerkstatt\"><img decoding=\"async\" width=\"2560\" height=\"755\" src=\"https:\/\/wp2.ihk-nuernberg.de\/antworten\/wp-content\/uploads\/sites\/19\/2018\/03\/07.09-GNM-Handelsmuseum_Monika-Runge-HM-1033_Modell-Waagenmacherwerkstatt-scaled.jpg\" alt class=\"img-responsive wp-image-13601\" srcset=\"https:\/\/wp2.ihk-nuernberg.de\/antworten\/wp-content\/uploads\/sites\/19\/2018\/03\/07.09-GNM-Handelsmuseum_Monika-Runge-HM-1033_Modell-Waagenmacherwerkstatt-300x88.jpg 300w, https:\/\/wp2.ihk-nuernberg.de\/antworten\/wp-content\/uploads\/sites\/19\/2018\/03\/07.09-GNM-Handelsmuseum_Monika-Runge-HM-1033_Modell-Waagenmacherwerkstatt-768x226.jpg 768w, https:\/\/wp2.ihk-nuernberg.de\/antworten\/wp-content\/uploads\/sites\/19\/2018\/03\/07.09-GNM-Handelsmuseum_Monika-Runge-HM-1033_Modell-Waagenmacherwerkstatt-1024x302.jpg 1024w, https:\/\/wp2.ihk-nuernberg.de\/antworten\/wp-content\/uploads\/sites\/19\/2018\/03\/07.09-GNM-Handelsmuseum_Monika-Runge-HM-1033_Modell-Waagenmacherwerkstatt-1536x453.jpg 1536w, https:\/\/wp2.ihk-nuernberg.de\/antworten\/wp-content\/uploads\/sites\/19\/2018\/03\/07.09-GNM-Handelsmuseum_Monika-Runge-HM-1033_Modell-Waagenmacherwerkstatt-scaled.jpg 2560w\" sizes=\"(max-width: 2560px) 100vw, 2560px\" \/><\/a><\/span><\/div><div class=\"fusion-text fusion-text-1\"><p style=\"text-align: right\"><span class=\"copyright2\">Germanisches Nationalmuseum, Foto: Monika Runge<\/span><\/p>\n<\/div><div class=\"fusion-title title fusion-title-1 fusion-sep-none fusion-title-text fusion-title-size-one\" style=\"--awb-margin-top-small:0px;--awb-margin-right-small:0px;--awb-margin-bottom-small:20px;--awb-margin-left-small:0px;\"><h1 class=\"fusion-title-heading title-heading-left fusion-responsive-typography-calculated\" style=\"margin:0;text-transform:none;--fontSize:64;line-height:1.5;\">Exponierter Handel<\/h1><\/div><div class=\"fusion-text fusion-text-2\"><p>Ein gesellschaftliches Gro\u00dfereignis war im Jahr 1879 die Er\u00f6ffnung des Handelsmuseums in N\u00fcrnberg. Vordergr\u00fcndig ist nicht viel von ihm geblieben und dennoch lebt es in Teilen fort: Denn zahlreiche Exponate sind \u00fcbergegangen in die ausladenden Vitrinen der Dauerausstellung des Germanischen Nationalmuseums N\u00fcrnberg oder in dessen Depot. Errichtet worden war das Handelsmuseum als Stiftung des \u201eGermanischen\u201c und mit starker Unterst\u00fctzung der Handelskammer N\u00fcrnberg.<\/p>\n<\/div><\/div><\/div><\/div><\/div><div class=\"fusion-fullwidth fullwidth-box fusion-builder-row-2 fusion-flex-container nonhundred-percent-fullwidth non-hundred-percent-height-scrolling\" style=\"--awb-border-radius-top-left:0px;--awb-border-radius-top-right:0px;--awb-border-radius-bottom-right:0px;--awb-border-radius-bottom-left:0px;--awb-flex-wrap:wrap;\" ><div class=\"fusion-builder-row fusion-row fusion-flex-align-items-flex-start fusion-flex-content-wrap\" style=\"max-width:1144px;margin-left: calc(-4% \/ 2 );margin-right: calc(-4% \/ 2 );\"><div class=\"fusion-layout-column fusion_builder_column fusion-builder-column-1 fusion_builder_column_1_2 1_2 fusion-flex-column fusion-animated\" style=\"--awb-bg-size:cover;--awb-width-large:50%;--awb-margin-top-large:20px;--awb-spacing-right-large:3.84%;--awb-margin-bottom-large:0px;--awb-spacing-left-large:3.84%;--awb-width-medium:100%;--awb-spacing-right-medium:1.92%;--awb-spacing-left-medium:1.92%;--awb-width-small:100%;--awb-spacing-right-small:1.92%;--awb-spacing-left-small:1.92%;\" data-animationType=\"fadeInLeft\" data-animationDuration=\"1.0\" data-animationOffset=\"top-into-view\"><div class=\"fusion-column-wrapper fusion-flex-justify-content-flex-start fusion-content-layout-column\"><div class=\"fusion-image-element \" style=\"--awb-caption-title-font-family:var(--h2_typography-font-family);--awb-caption-title-font-weight:var(--h2_typography-font-weight);--awb-caption-title-font-style:var(--h2_typography-font-style);--awb-caption-title-size:var(--h2_typography-font-size);--awb-caption-title-transform:var(--h2_typography-text-transform);--awb-caption-title-line-height:var(--h2_typography-line-height);--awb-caption-title-letter-spacing:var(--h2_typography-letter-spacing);\"><span class=\" fusion-imageframe imageframe-none imageframe-2 hover-type-zoomin fusion-animated\" data-animationType=\"fadeInLeft\" data-animationDuration=\"1.0\" data-animationOffset=\"top-into-view\"><a href=\"https:\/\/wp2.ihk-nuernberg.de\/antworten\/wp-content\/uploads\/sites\/19\/2018\/02\/07.01-Demidow_Nuernberg_Gewerbemuseumsplatz_02_Nuernberger_Akademie_Creative-Commons-Attribution-Share-Alike-3-1.jpg\" class=\"fusion-lightbox\" data-rel=\"iLightbox[1]\" data-title=\"Das ehemalige Gewerbemuseum ist heute N\u00fcrnbergs Bildungszentrum\" title=\"Das ehemalige Gewerbemuseum ist heute N\u00fcrnbergs Bildungszentrum\"><img decoding=\"async\" width=\"1920\" height=\"1440\" src=\"https:\/\/wp2.ihk-nuernberg.de\/antworten\/wp-content\/uploads\/sites\/19\/2018\/02\/07.01-Demidow_Nuernberg_Gewerbemuseumsplatz_02_Nuernberger_Akademie_Creative-Commons-Attribution-Share-Alike-3-1.jpg\" alt class=\"img-responsive wp-image-12612\" srcset=\"https:\/\/wp2.ihk-nuernberg.de\/antworten\/wp-content\/uploads\/sites\/19\/2018\/02\/07.01-Demidow_Nuernberg_Gewerbemuseumsplatz_02_Nuernberger_Akademie_Creative-Commons-Attribution-Share-Alike-3-1-300x225.jpg 300w, https:\/\/wp2.ihk-nuernberg.de\/antworten\/wp-content\/uploads\/sites\/19\/2018\/02\/07.01-Demidow_Nuernberg_Gewerbemuseumsplatz_02_Nuernberger_Akademie_Creative-Commons-Attribution-Share-Alike-3-1-768x576.jpg 768w, https:\/\/wp2.ihk-nuernberg.de\/antworten\/wp-content\/uploads\/sites\/19\/2018\/02\/07.01-Demidow_Nuernberg_Gewerbemuseumsplatz_02_Nuernberger_Akademie_Creative-Commons-Attribution-Share-Alike-3-1-1024x768.jpg 1024w, https:\/\/wp2.ihk-nuernberg.de\/antworten\/wp-content\/uploads\/sites\/19\/2018\/02\/07.01-Demidow_Nuernberg_Gewerbemuseumsplatz_02_Nuernberger_Akademie_Creative-Commons-Attribution-Share-Alike-3-1-1536x1152.jpg 1536w, https:\/\/wp2.ihk-nuernberg.de\/antworten\/wp-content\/uploads\/sites\/19\/2018\/02\/07.01-Demidow_Nuernberg_Gewerbemuseumsplatz_02_Nuernberger_Akademie_Creative-Commons-Attribution-Share-Alike-3-1.jpg 1920w\" sizes=\"(max-width: 1920px) 100vw, 1920px\" \/><\/a><\/span><\/div><div class=\"fusion-text fusion-text-3\"><p style=\"text-align: right\"><span class=\"copyright2\">CC-BY-SA 3.0 \u2013 Demidow<br \/>\n<\/span><\/p>\n<\/div><\/div><\/div><div class=\"fusion-layout-column fusion_builder_column fusion-builder-column-2 fusion_builder_column_1_2 1_2 fusion-flex-column fusion-animated\" style=\"--awb-bg-size:cover;--awb-width-large:50%;--awb-margin-top-large:20px;--awb-spacing-right-large:3.84%;--awb-margin-bottom-large:0px;--awb-spacing-left-large:3.84%;--awb-width-medium:100%;--awb-spacing-right-medium:1.92%;--awb-spacing-left-medium:1.92%;--awb-width-small:100%;--awb-spacing-right-small:1.92%;--awb-spacing-left-small:1.92%;\" data-animationType=\"fadeInRight\" data-animationDuration=\"1.0\" data-animationOffset=\"top-into-view\"><div class=\"fusion-column-wrapper fusion-flex-justify-content-flex-start fusion-content-layout-column\"><div class=\"fusion-text fusion-text-4\"><p>Wer Geschichte erz\u00e4hlen will, sollte sich nicht auf seine eigene Perspektive beschr\u00e4nken, sondern auch andere Sichtweisen einbeziehen. Diese Pr\u00e4misse beherzigen auch die Initiatoren des Handelsmuseums in N\u00fcrnberg, dessen Aufbau die Handelskammer N\u00fcrnberg tatkr\u00e4ftig vorantreibt. Sie macht das Museumsprojekt zur Gemeinschaftssache und startet einen Aufruf an alle Handelskammern in Deutschland, sich an der Ausstellung zu beteiligen. Mit gro\u00dfem Erfolg: Die Zugangsliste des Germanischen Museums offenbart mehr als 1\u00a0000 Objekte, die damals zum Bestand des Handelsmuseums geh\u00f6ren.<\/p>\n<\/div><div class=\"fusion-text fusion-text-5\"><p>Neben Rechentischen, Waagen und M\u00fcnzen werden beispielsweise Modelle von Hochsee-, Fluss- und Treidelschiffen gezeigt. Die Handelskammer will die Museumsbesucher nicht blo\u00df mit einer Produktschau beeindrucken, sondern fundiert \u00fcber das Wesen und die Geschichte des Handels informieren. Die Schiffe als damals fortschrittliche Vehikel des Warentransports zeigen, dass der Handel bereits am Ende des 19. Jahrhunderts gro\u00dffl\u00e4chig und international gedacht wird.<\/p>\n<\/div><\/div><\/div><div class=\"fusion-layout-column fusion_builder_column fusion-builder-column-3 fusion_builder_column_1_2 1_2 fusion-flex-column fusion-animated\" style=\"--awb-bg-size:cover;--awb-width-large:50%;--awb-margin-top-large:0px;--awb-spacing-right-large:3.84%;--awb-margin-bottom-large:0px;--awb-spacing-left-large:3.84%;--awb-width-medium:100%;--awb-spacing-right-medium:1.92%;--awb-spacing-left-medium:1.92%;--awb-width-small:100%;--awb-spacing-right-small:1.92%;--awb-spacing-left-small:1.92%;\" data-animationType=\"fadeInLeft\" data-animationDuration=\"1.0\" data-animationOffset=\"top-into-view\"><div class=\"fusion-column-wrapper fusion-flex-justify-content-center fusion-content-layout-column\"><div class=\"fusion-text fusion-text-6\"><p>Das Engagement f\u00fcr gesellschaftliche Belange und f\u00fcr die Kultur hat bei der IHK N\u00fcrnberg f\u00fcr Mittelfranken Tradition, wie der Einsatz f\u00fcr das Handelsmuseum zeigt. Den Anspruch, sich im Sinne des Ehrbaren Kaufmanns \u00fcber die eigenen wirtschaftlichen Angelegenheiten hinaus zu engagieren, hat die IHK N\u00fcrnberg Zeit ihres Bestehens hochgehalten. Handel verpflichtet, so das Credo \u2013 nicht nur zur Einhaltung von rechtlichen Regeln, von Compliance-Vorschriften und von den Grunds\u00e4tzen eines fairen Miteinanders im Wirtschaftsleben, sondern auch zum Blick \u00fcber den Tellerrand. Wie auch die IHK-Kulturstiftung der mittelfr\u00e4nkischen Wirtschaft zeigt: Gegr\u00fcndet 1993 anl\u00e4sslich des 150. Kammerjubil\u00e4ums f\u00f6rdert sie kulturelle Projekte und die kulturelle Infrastruktur \u2013 nach dem Motto \u201eWirtschaft braucht Kultur \u2013 Kultur braucht Wirtschaft\u201c.<\/p>\n<\/div><\/div><\/div><div class=\"fusion-layout-column fusion_builder_column fusion-builder-column-4 fusion_builder_column_1_2 1_2 fusion-flex-column fusion-animated\" style=\"--awb-bg-size:cover;--awb-width-large:50%;--awb-margin-top-large:0px;--awb-spacing-right-large:3.84%;--awb-margin-bottom-large:0px;--awb-spacing-left-large:3.84%;--awb-width-medium:100%;--awb-spacing-right-medium:1.92%;--awb-spacing-left-medium:1.92%;--awb-width-small:100%;--awb-spacing-right-small:1.92%;--awb-spacing-left-small:1.92%;\" data-animationType=\"fadeInRight\" data-animationDuration=\"1.0\" data-animationOffset=\"top-into-view\"><div class=\"fusion-column-wrapper fusion-flex-justify-content-center fusion-content-layout-column\"><div class=\"fusion-image-element \" style=\"--awb-caption-title-font-family:var(--h2_typography-font-family);--awb-caption-title-font-weight:var(--h2_typography-font-weight);--awb-caption-title-font-style:var(--h2_typography-font-style);--awb-caption-title-size:var(--h2_typography-font-size);--awb-caption-title-transform:var(--h2_typography-text-transform);--awb-caption-title-line-height:var(--h2_typography-line-height);--awb-caption-title-letter-spacing:var(--h2_typography-letter-spacing);\"><span class=\" fusion-imageframe imageframe-none imageframe-3 hover-type-zoomin fusion-animated\" data-animationType=\"fadeInRight\" data-animationDuration=\"1.0\" data-animationOffset=\"top-into-view\"><a href=\"https:\/\/wp2.ihk-nuernberg.de\/antworten\/wp-content\/uploads\/sites\/19\/2018\/02\/07.02-Hansemuseum_Pellerschiff.jpg\" class=\"fusion-lightbox\" data-rel=\"iLightbox[1]\" data-title=\"Das Modell zeigt ein sogenanntes Pellerschiff &#8211; ein Ostseeschiff aus der 1. H\u00e4lfte des 17. Jh., welches am Heck das Wappen der N\u00fcrnberger Familie Peller tr\u00e4gt.\" title=\"Das Modell zeigt ein sogenanntes Pellerschiff &#8211; ein Ostseeschiff aus der 1. H\u00e4lfte des 17. Jh., welches am Heck das Wappen der N\u00fcrnberger Familie Peller tr\u00e4gt.\"><img decoding=\"async\" width=\"1920\" height=\"1788\" src=\"https:\/\/wp2.ihk-nuernberg.de\/antworten\/wp-content\/uploads\/sites\/19\/2018\/02\/07.02-Hansemuseum_Pellerschiff.jpg\" alt class=\"img-responsive wp-image-12482\" srcset=\"https:\/\/wp2.ihk-nuernberg.de\/antworten\/wp-content\/uploads\/sites\/19\/2018\/02\/07.02-Hansemuseum_Pellerschiff-300x279.jpg 300w, https:\/\/wp2.ihk-nuernberg.de\/antworten\/wp-content\/uploads\/sites\/19\/2018\/02\/07.02-Hansemuseum_Pellerschiff-768x715.jpg 768w, https:\/\/wp2.ihk-nuernberg.de\/antworten\/wp-content\/uploads\/sites\/19\/2018\/02\/07.02-Hansemuseum_Pellerschiff-1024x954.jpg 1024w, https:\/\/wp2.ihk-nuernberg.de\/antworten\/wp-content\/uploads\/sites\/19\/2018\/02\/07.02-Hansemuseum_Pellerschiff-1536x1430.jpg 1536w, https:\/\/wp2.ihk-nuernberg.de\/antworten\/wp-content\/uploads\/sites\/19\/2018\/02\/07.02-Hansemuseum_Pellerschiff.jpg 1920w\" sizes=\"(max-width: 1920px) 100vw, 1920px\" \/><\/a><\/span><\/div><div class=\"fusion-text fusion-text-7\"><p style=\"text-align: right\"><span class=\"copyright2\">Germanisches Nationalmuseum, <\/span><span class=\"copyright2\">Foto: Dirk Messberger<br \/>\n<\/span><\/p>\n<\/div><\/div><\/div><\/div><\/div><div class=\"fusion-fullwidth fullwidth-box fusion-builder-row-3 fusion-flex-container nonhundred-percent-fullwidth non-hundred-percent-height-scrolling\" style=\"--awb-border-radius-top-left:0px;--awb-border-radius-top-right:0px;--awb-border-radius-bottom-right:0px;--awb-border-radius-bottom-left:0px;--awb-flex-wrap:wrap;\" ><div class=\"fusion-builder-row fusion-row fusion-flex-align-items-flex-start fusion-flex-content-wrap\" style=\"max-width:1144px;margin-left: calc(-4% \/ 2 );margin-right: calc(-4% \/ 2 );\"><div class=\"fusion-layout-column fusion_builder_column fusion-builder-column-5 fusion_builder_column_1_1 1_1 fusion-flex-column\" style=\"--awb-bg-size:cover;--awb-width-large:100%;--awb-margin-top-large:0px;--awb-spacing-right-large:1.92%;--awb-margin-bottom-large:0px;--awb-spacing-left-large:1.92%;--awb-width-medium:100%;--awb-spacing-right-medium:1.92%;--awb-spacing-left-medium:1.92%;--awb-width-small:100%;--awb-spacing-right-small:1.92%;--awb-spacing-left-small:1.92%;\"><div class=\"fusion-column-wrapper fusion-flex-justify-content-flex-start fusion-content-layout-column\"><\/div><\/div><div class=\"fusion-layout-column fusion_builder_column fusion-builder-column-6 fusion_builder_column_1_2 1_2 fusion-flex-column\" style=\"--awb-bg-size:cover;--awb-width-large:50%;--awb-margin-top-large:0px;--awb-spacing-right-large:3.84%;--awb-margin-bottom-large:0px;--awb-spacing-left-large:3.84%;--awb-width-medium:100%;--awb-spacing-right-medium:1.92%;--awb-spacing-left-medium:1.92%;--awb-width-small:100%;--awb-spacing-right-small:1.92%;--awb-spacing-left-small:1.92%;\"><div class=\"fusion-column-wrapper fusion-flex-justify-content-flex-start fusion-content-layout-column\"><div class=\"fusion-title title fusion-title-2 fusion-sep-none fusion-title-text fusion-title-size-three\" style=\"--awb-margin-top-small:0px;--awb-margin-right-small:0px;--awb-margin-bottom-small:20px;--awb-margin-left-small:0px;\"><h3 class=\"fusion-title-heading title-heading-left fusion-responsive-typography-calculated\" style=\"margin:0;text-transform:none;--fontSize:22;line-height:1.41;\">Mehr zum Thema<\/h3><\/div><ul style=\"--awb-size:13px;--awb-line-height:22.1px;--awb-icon-width:22.1px;--awb-icon-height:22.1px;--awb-icon-margin:9.1px;--awb-content-margin:31.2px;\" class=\"fusion-checklist fusion-checklist-1 fusion-checklist-default type-icons\"><li class=\"fusion-li-item\" style=\"\"><span class=\"icon-wrapper circle-no\"><i class=\"fusion-li-icon fa fa-chevron-right\" aria-hidden=\"true\"><\/i><\/span><div class=\"fusion-li-item-content\"><a href=\"https:\/\/de.wikipedia.org\/wiki\/Germanisches_Nationalmuseum\" target=\"_blank\" rel=\"noopener\">Germanisches Nationalmuseum auf Wikipedia<\/a><br \/>\nGr\u00f6\u00dftes kulturgeschichtliches Museum des deutschen Sprachraums<\/div><\/li><li class=\"fusion-li-item\" style=\"\"><span class=\"icon-wrapper circle-no\"><i class=\"fusion-li-icon fa fa-chevron-right\" aria-hidden=\"true\"><\/i><\/span><div class=\"fusion-li-item-content\"><a href=\"https:\/\/www.ihk-nuernberg.de\/ehrbarer-kaufmann\" target=\"_blank\" rel=\"noopener\">Die Leitlinien des Ehrbaren Kaufmanns<\/a><br \/>\nGrunds\u00e4tze des Ehrbaren Kaufmanns reichen bis ins Mittelalter zur\u00fcck<\/div><\/li><\/ul><\/div><\/div><div class=\"fusion-layout-column fusion_builder_column fusion-builder-column-7 fusion_builder_column_1_2 1_2 fusion-flex-column\" style=\"--awb-bg-size:cover;--awb-width-large:50%;--awb-margin-top-large:0px;--awb-spacing-right-large:3.84%;--awb-margin-bottom-large:0px;--awb-spacing-left-large:3.84%;--awb-width-medium:100%;--awb-spacing-right-medium:1.92%;--awb-spacing-left-medium:1.92%;--awb-width-small:100%;--awb-spacing-right-small:1.92%;--awb-spacing-left-small:1.92%;\"><div class=\"fusion-column-wrapper fusion-flex-justify-content-flex-start fusion-content-layout-column\"><div class=\"fusion-title title fusion-title-3 fusion-sep-none fusion-title-text fusion-title-size-three\" style=\"--awb-margin-top-small:0px;--awb-margin-right-small:0px;--awb-margin-bottom-small:20px;--awb-margin-left-small:0px;\"><h3 class=\"fusion-title-heading title-heading-left fusion-responsive-typography-calculated\" style=\"margin:0;text-transform:none;--fontSize:22;line-height:1.41;\">Diese Geschichte in der WiM<\/h3><\/div><div class=\"fusion-text fusion-text-8\"><p><strong>Gesellschaftlich engagiert\u00a0<\/strong>\u2013\u00a0Im Zeichen der Waage: Handelsmuseum, Wirtschaftsethik und Kultur.<\/p>\n<\/div><ul style=\"--awb-size:13px;--awb-line-height:22.1px;--awb-icon-width:22.1px;--awb-icon-height:22.1px;--awb-icon-margin:9.1px;--awb-content-margin:31.2px;\" class=\"fusion-checklist fusion-checklist-2 fusion-checklist-default type-icons\"><li class=\"fusion-li-item\" style=\"\"><span class=\"icon-wrapper circle-no\"><i class=\"fusion-li-icon fa-chevron-right fas\" aria-hidden=\"true\"><\/i><\/span><div class=\"fusion-li-item-content\">\n<p><a href=\"https:\/\/www.wim-magazin.de\/frontend\/getcatalog.do?catalogId=728438&amp;catalogVersion=1&amp;lang=de#page_60\" target=\"_blank\" rel=\"noopener\">Im Bl\u00e4tterkatalog<\/a><\/p>\n<\/div><\/li><li class=\"fusion-li-item\" style=\"\"><span class=\"icon-wrapper circle-no\"><i class=\"fusion-li-icon fa-chevron-right fas\" aria-hidden=\"true\"><\/i><\/span><div class=\"fusion-li-item-content\">\n<p><a href=\"https:\/\/wp2.ihk-nuernberg.de\/antworten\/wp-content\/uploads\/sites\/19\/2024\/10\/Gesellschaftlich-engagiert.pdf\" target=\"_blank\" rel=\"noopener\">Als PDF<\/a><\/p>\n<\/div><\/li><\/ul><\/div><\/div><\/div><\/div><\/p>\n","protected":false},"excerpt":{"rendered":"","protected":false},"author":2,"featured_media":0,"parent":12239,"menu_order":0,"comment_status":"closed","ping_status":"closed","template":"100-width.php","meta":{"footnotes":""},"class_list":["post-12330","page","type-page","status-publish","hentry"],"_links":{"self":[{"href":"https:\/\/wp2.ihk-nuernberg.de\/antworten\/wp-json\/wp\/v2\/pages\/12330","targetHints":{"allow":["GET"]}}],"collection":[{"href":"https:\/\/wp2.ihk-nuernberg.de\/antworten\/wp-json\/wp\/v2\/pages"}],"about":[{"href":"https:\/\/wp2.ihk-nuernberg.de\/antworten\/wp-json\/wp\/v2\/types\/page"}],"author":[{"embeddable":true,"href":"https:\/\/wp2.ihk-nuernberg.de\/antworten\/wp-json\/wp\/v2\/users\/2"}],"replies":[{"embeddable":true,"href":"https:\/\/wp2.ihk-nuernberg.de\/antworten\/wp-json\/wp\/v2\/comments?post=12330"}],"version-history":[{"count":4,"href":"https:\/\/wp2.ihk-nuernberg.de\/antworten\/wp-json\/wp\/v2\/pages\/12330\/revisions"}],"predecessor-version":[{"id":15273,"href":"https:\/\/wp2.ihk-nuernberg.de\/antworten\/wp-json\/wp\/v2\/pages\/12330\/revisions\/15273"}],"up":[{"embeddable":true,"href":"https:\/\/wp2.ihk-nuernberg.de\/antworten\/wp-json\/wp\/v2\/pages\/12239"}],"wp:attachment":[{"href":"https:\/\/wp2.ihk-nuernberg.de\/antworten\/wp-json\/wp\/v2\/media?parent=12330"}],"curies":[{"name":"wp","href":"https:\/\/api.w.org\/{rel}","templated":true}]}}